{"id":2,"date":"2023-11-07T23:19:23","date_gmt":"2023-11-07T22:19:23","guid":{"rendered":"http:\/\/cem-seyssins.org\/?page_id=2"},"modified":"2023-11-09T23:03:34","modified_gmt":"2023-11-09T22:03:34","slug":"page-d-exemple","status":"publish","type":"page","link":"https:\/\/cem-seyssins.org\/index.php\/page-d-exemple\/","title":{"rendered":"Informations G\u00e9n\u00e9rales"},"content":{"rendered":"\n<p><\/p>\n\n\n\n<blockquote class=\"wp-block-quote is-layout-flow wp-block-quote-is-layout-flow\">\n<p><a href=\"https:\/\/www.google.com\/search?sca_esv=580252979&amp;rlz=1C1SQJL_frFR918FR918&amp;sxsrf=AM9HkKkrj2Hd_BCw82I1EvrsRWXl6kcxtQ:1699396571869&amp;q=centre+d%27education+musicale+seyssins+adresse&amp;ludocid=16495468191406516917&amp;sa=X&amp;ved=2ahUKEwisqf7H-bKCAxUeRaQEHYzvCOEQ6BN6BQiUARAC\">Adresse<\/a>&nbsp;:&nbsp;133 Av. de Grenoble, 38180 Seyssins<\/p>\n\n\n\n<p><a href=\"https:\/\/www.google.com\/search?sca_esv=580252979&amp;rlz=1C1SQJL_frFR918FR918&amp;sxsrf=AM9HkKkrj2Hd_BCw82I1EvrsRWXl6kcxtQ:1699396571869&amp;q=centre+d%27education+musicale+seyssins+t%C3%A9l%C3%A9phone&amp;ludocid=16495468191406516917&amp;sa=X&amp;ved=2ahUKEwisqf7H-bKCAxUeRaQEHYzvCOEQ6BN6BQiHARAC\">T\u00e9l\u00e9phone<\/a>\u00a0:\u00a0<a href=\"https:\/\/www.google.com\/search?q=CEM+SEYSSINS+MUSIQUE&amp;rlz=1C1SQJL_frFR918FR918&amp;oq=CEM+SEYSSINS+MUSIQUE&amp;gs_lcrp=EgZjaHJvbWUyBggAEEUYOTIHCAEQIRigATIHCAIQIRigAdIBCDQwMjdqMGo3qAIAsAIA&amp;sourceid=chrome&amp;ie=UTF-8#\">04 76 48 07 96<\/a><\/p>\n\n\n\n<p><a href=\"https:\/\/www.google.com\/search?sca_esv=580252979&amp;rlz=1C1SQJL_frFR918FR918&amp;sxsrf=AM9HkKkrj2Hd_BCw82I1EvrsRWXl6kcxtQ:1699396571869&amp;q=centre+d%27education+musicale+seyssins+t%C3%A9l%C3%A9phone&amp;ludocid=16495468191406516917&amp;sa=X&amp;ved=2ahUKEwisqf7H-bKCAxUeRaQEHYzvCOEQ6BN6BQiHARAC\">Email:<\/a>\u00a0 cem.seyssins@ orange.fr<\/p>\n<\/blockquote>\n\n\n\n<p>L&rsquo;enseignement musical participe au dynamisme et au rayonnement culturel d&rsquo;un territoire.<br>Dans cette optique, le Centre d&rsquo;\u00c9ducation Musicale innove et mutualise sa direction avec l&rsquo;espace Musical Fernand-Veyret de Claix.<br>Cette mutualisation permet d&rsquo;\u00e9largir l&rsquo;offre de formation et les ensembles musicaux et d&rsquo;enrichir la programmation musicale.<\/p>\n\n\n\n<h2 class=\"wp-block-heading\">Les missions<\/h2>\n\n\n\n<p>Le CEM a pour mission de donner le go\u00fbt de la pratique musicale et d&rsquo;ouvrir l&rsquo;enseignement au plus grand nombre. Il propose donc aux enfants et aux adultes un enseignement complet de la musique, l\u2019apprentissage d\u2019un instrument, mais aussi la possibilit\u00e9 d\u2019int\u00e9grer un ensemble. Cette formation est assur\u00e9 par une \u00e9quipe p\u00e9dagogique, et se fait sous forme de cycles sanctionn\u00e9s par un dipl\u00f4me.<br><\/p>\n\n\n\n<h2 class=\"wp-block-heading\">L&rsquo;enseignement<\/h2>\n\n\n\n<p><strong>Les cours de formation musicale<\/strong><\/p>\n\n\n\n<ul class=\"wp-block-list\">\n<li>Formation musicale traditionnelle avec cours d\u2019instrument et pratique collective.<\/li>\n\n\n\n<li>Formation musicale musiques actuelles avec instrument : apprentissage de l&rsquo;improvisation et de la cr\u00e9ation. Acquisition du fonctionnement du mat\u00e9riel de sonorisation (table de mixage, amplis\u2026). Le r\u00e9pertoire sera construit \u00e0 partir de vos envies musicales.<\/li>\n<\/ul>\n\n\n\n<p><strong>Formation jeunes<\/strong><\/p>\n\n\n\n<ul class=\"wp-block-list\">\n<li>Cours hebdomadaires individuels pour l\u2019apprentissage d\u2019un instrument.<\/li>\n\n\n\n<li>Acc\u00e8s aux collectifs divers et vari\u00e9s, voix ou instruments, en cursus ou hors cursus.<\/li>\n\n\n\n<li>Participation aux repr\u00e9sentations publiques.<\/li>\n<\/ul>\n\n\n\n<p><strong>Formation adultes<\/strong><\/p>\n\n\n\n<ul class=\"wp-block-list\">\n<li>Cours hebdomadaires individuels ou \u00e0 mi-temps&nbsp;pour l\u2019apprentissage d\u2019un instrument<em>.<\/em><\/li>\n\n\n\n<li>Acc\u00e8s aux collectifs, chorale d\u2019adultes ou instruments, participation aux repr\u00e9sentations publiques.<\/li>\n<\/ul>\n\n\n\n<p><strong>L&rsquo;\u00e9veil musical<\/strong><\/p>\n\n\n\n<ul class=\"wp-block-list\">\n<li>Un cours est ouvert aux grandes sections de maternelles ainsi qu&rsquo;aux CP.<\/li>\n<\/ul>\n\n\n\n<h2 class=\"wp-block-heading\">LES ORCHESTRES<\/h2>\n\n\n\n<ul class=\"wp-block-list\">\n<li>Piccolo cordes<\/li>\n\n\n\n<li>Piccolo vents \/ percussions<\/li>\n\n\n\n<li>Orchestre adolescents \/ adultes<\/li>\n\n\n\n<li>Atelier jazz<\/li>\n\n\n\n<li>Blue Box &#8211; percussions urbaines<\/li>\n\n\n\n<li>Ensemble guitares classiques<\/li>\n\n\n\n<li>Collectif musique actuelle<\/li>\n<\/ul>\n\n\n\n<h2 class=\"wp-block-heading\">LES INSTRUMENTS<\/h2>\n\n\n\n<ul class=\"wp-block-list\">\n<li>Accord\u00e9on<\/li>\n\n\n\n<li>Alto<\/li>\n\n\n\n<li>Basson<\/li>\n\n\n\n<li>Chant<\/li>\n\n\n\n<li>Clarinette<\/li>\n\n\n\n<li>Contrebasse<\/li>\n\n\n\n<li>Fl\u00fbte traversi\u00e8re<\/li>\n\n\n\n<li>Guitare classique et d&rsquo;accompagnement<\/li>\n\n\n\n<li>Harpe<\/li>\n\n\n\n<li>Percussions \/ Batterie<\/li>\n\n\n\n<li>Piano<\/li>\n\n\n\n<li>Saxophone<\/li>\n\n\n\n<li>Trombone<\/li>\n\n\n\n<li>Trompette<\/li>\n\n\n\n<li>Violon<\/li>\n\n\n\n<li>Violoncelle<\/li>\n<\/ul>\n","protected":false},"excerpt":{"rendered":"<p>Adresse&nbsp;:&nbsp;133 Av. de Grenoble, 38180 Seyssins T\u00e9l\u00e9phone\u00a0:\u00a004 76 48 07 96 Email:\u00a0 cem.seyssins@ orange.fr L&rsquo;enseignement musical participe au dynamisme et au rayonnement culturel d&rsquo;un territoire.Dans cette optique, le Centre d&rsquo;\u00c9ducation Musicale innove et mutualise sa direction avec l&rsquo;espace Musical Fernand-Veyret de Claix.Cette mutualisation permet d&rsquo;\u00e9largir l&rsquo;offre de formation et les ensembles musicaux et d&rsquo;enrichir la &#8230; <a title=\"Informations G\u00e9n\u00e9rales\" class=\"read-more\" href=\"https:\/\/cem-seyssins.org\/index.php\/page-d-exemple\/\" aria-label=\"En savoir plus sur Informations G\u00e9n\u00e9rales\">Lire la suite<\/a><\/p>\n","protected":false},"author":1,"featured_media":0,"parent":0,"menu_order":0,"comment_status":"closed","ping_status":"open","template":"","meta":{"footnotes":""},"class_list":["post-2","page","type-page","status-publish"],"_links":{"self":[{"href":"https:\/\/cem-seyssins.org\/index.php\/wp-json\/wp\/v2\/pages\/2","targetHints":{"allow":["GET"]}}],"collection":[{"href":"https:\/\/cem-seyssins.org\/index.php\/wp-json\/wp\/v2\/pages"}],"about":[{"href":"https:\/\/cem-seyssins.org\/index.php\/wp-json\/wp\/v2\/types\/page"}],"author":[{"embeddable":true,"href":"https:\/\/cem-seyssins.org\/index.php\/wp-json\/wp\/v2\/users\/1"}],"replies":[{"embeddable":true,"href":"https:\/\/cem-seyssins.org\/index.php\/wp-json\/wp\/v2\/comments?post=2"}],"version-history":[{"count":2,"href":"https:\/\/cem-seyssins.org\/index.php\/wp-json\/wp\/v2\/pages\/2\/revisions"}],"predecessor-version":[{"id":21,"href":"https:\/\/cem-seyssins.org\/index.php\/wp-json\/wp\/v2\/pages\/2\/revisions\/21"}],"wp:attachment":[{"href":"https:\/\/cem-seyssins.org\/index.php\/wp-json\/wp\/v2\/media?parent=2"}],"curies":[{"name":"wp","href":"https:\/\/api.w.org\/{rel}","templated":true}]}}